{"id":2,"date":"2025-04-11T01:15:24","date_gmt":"2025-04-10T23:15:24","guid":{"rendered":"http:\/\/espritreveur.fr\/?page_id=2"},"modified":"2025-05-29T02:34:02","modified_gmt":"2025-05-29T00:34:02","slug":"page-d-exemple","status":"publish","type":"page","link":"https:\/\/espritreveur.fr\/index.php\/page-d-exemple\/","title":{"rendered":"A propos de l&rsquo;auteur"},"content":{"rendered":"\n<p>Je ne me pr\u00e9senterais pas, car c&rsquo;est un exercice que je suis incapable de faire alors je vais simplement d\u00e9crire comment j&rsquo;en suis arriv\u00e9 ici.<br><br>Je me suis, depuis longtemps, int\u00e9ress\u00e9 aux aspects po\u00e9tiques des photos et notamment la contemplation de la nature.<br>Avec cette frustration de ne pas pouvoir capturer un instant magnifique.<br>J&rsquo;ai pu faire plusieurs tentatives avec mon t\u00e9l\u00e9phone portable, mais sans v\u00e9ritable succ\u00e8s sur la qualit\u00e9 que je recherchais.<br>Et j&rsquo;ai pu acqu\u00e9rir mon premier reflex num\u00e9rique, un objet que je convoitais depuis longtemps sans jamais me d\u00e9cider \u00e0 en acheter un d&rsquo;occasion.<br>C&rsquo;est tout un monde que de savoir s&rsquo;en servir et j&rsquo;en suis extr\u00eamement loin de conna\u00eetre toutes les astuces et r\u00e9glages qui permettent de faire la belle photo avec le moins de d\u00e9faut possible.<br>J&rsquo;aurais encore beaucoup de travail si je voulais \u00eatre un pro.<br>Je pense que ce n&rsquo;est pas mon objectif dans l&rsquo;imm\u00e9diat et s\u00fbrement jamais, mais j&rsquo;aspire \u00e0 m&rsquo;am\u00e9liorer sans me prendre la t\u00eate \u00e0 vouloir la perfection.<br>Seulement susciter un peu de po\u00e9sie, de r\u00e9flexion et permettre de suspendre le temps sur une contemplation \u00e9ph\u00e9m\u00e8re d&rsquo;une de mes photos ou une de mes po\u00e9sies.<br>Les po\u00e9sies, sont le reflet de mes r\u00e9flexions quand je regarde les photos que je garde.<\/p>\n\n\n\n<p><\/p>\n","protected":false},"excerpt":{"rendered":"<p>Je ne me pr\u00e9senterais pas, car c&rsquo;est un exercice que je suis incapable de faire alors je vais simplement d\u00e9crire comment j&rsquo;en suis arriv\u00e9 ici. Je me suis, depuis longtemps, int\u00e9ress\u00e9 aux aspects po\u00e9tiques des photos et notamment la contemplation de la nature.Avec cette frustration de ne pas pouvoir capturer un instant magnifique.J&rsquo;ai pu faire &hellip; <a href=\"https:\/\/espritreveur.fr\/index.php\/page-d-exemple\/\" class=\"more-link\">Continuer la lecture de <span class=\"screen-reader-text\">A propos de l&rsquo;auteur<\/span>  <span class=\"meta-nav\">&rarr;<\/span><\/a><\/p>\n","protected":false},"author":1,"featured_media":0,"parent":0,"menu_order":0,"comment_status":"closed","ping_status":"open","template":"","meta":{"footnotes":""},"class_list":["post-2","page","type-page","status-publish","hentry"],"_links":{"self":[{"href":"https:\/\/espritreveur.fr\/index.php\/wp-json\/wp\/v2\/pages\/2","targetHints":{"allow":["GET"]}}],"collection":[{"href":"https:\/\/espritreveur.fr\/index.php\/wp-json\/wp\/v2\/pages"}],"about":[{"href":"https:\/\/espritreveur.fr\/index.php\/wp-json\/wp\/v2\/types\/page"}],"author":[{"embeddable":true,"href":"https:\/\/espritreveur.fr\/index.php\/wp-json\/wp\/v2\/users\/1"}],"replies":[{"embeddable":true,"href":"https:\/\/espritreveur.fr\/index.php\/wp-json\/wp\/v2\/comments?post=2"}],"version-history":[{"count":5,"href":"https:\/\/espritreveur.fr\/index.php\/wp-json\/wp\/v2\/pages\/2\/revisions"}],"predecessor-version":[{"id":181,"href":"https:\/\/espritreveur.fr\/index.php\/wp-json\/wp\/v2\/pages\/2\/revisions\/181"}],"wp:attachment":[{"href":"https:\/\/espritreveur.fr\/index.php\/wp-json\/wp\/v2\/media?parent=2"}],"curies":[{"name":"wp","href":"https:\/\/api.w.org\/{rel}","templated":true}]}}